{"id":13,"date":"2023-04-11T17:07:36","date_gmt":"2023-04-11T15:07:36","guid":{"rendered":"https:\/\/ambasciatapraga.esteri.it\/?page_id=13"},"modified":"2024-10-28T18:08:39","modified_gmt":"2024-10-28T17:08:39","slug":"chi-siamo","status":"publish","type":"page","link":"https:\/\/cidu.esteri.it\/it\/chi-siamo\/","title":{"rendered":"Chi siamo"},"content":{"rendered":"<p style=\"text-align: justify;\">Il Comitato Interministeriale per i Diritti Umani (CIDU) \u00e8 stato istituito con Decreto Ministeriale 15 febbraio 1978, n. 519 (integrato con D.M. 5 settembre 2013 n. 2000\/517) allo scopo di\u00a0 assolvere in via principale agli obblighi assunti dall\u2019Italia in esecuzione degli accordi e convenzioni adottati sul piano internazionale nella materia della protezione e promozione dei diritti umani.<\/p>\n<p style=\"text-align: justify;\">Il CIDU \u00e8 collocato presso il Ministero degli Affari Esteri e della Cooperazione Internazionale (MAECI), \u00e8 presieduto da un alto funzionario della carriera diplomatica ed \u00e8 composto da rappresentanti di Ministeri, Amministrazioni ed Enti che a vario titolo si occupano delle tematiche dei diritti umani. Vi fanno parte inoltre tre eminenti personalit\u00e0 del mondo accademico e scientifico.<\/p>\n<p style=\"text-align: justify;\">Per lo svolgimento delle sue attivit\u00e0, il Comitato si avvale di uno staff di personale ministeriale ed \u00e8 dotato di uno stanziamento annuale stabilito dalla Legge 19 marzo 1999, n. 80.<\/p>\n<p>Dal 25 ottobre 2024 \u00e8 Presidente del Comitato il Ministro Plenipotenziario Giovanni Battista Iannuzzi.<\/p>\n<p><img loading=\"lazy\" decoding=\"async\" class=\" img-fluid wp-image-974\" src=\"https:\/\/cidu.esteri.it\/wp-content\/uploads\/2024\/10\/20241024_125505.jpg\" alt=\"\" width=\"354\" height=\"423\" srcset=\"https:\/\/cidu.esteri.it\/wp-content\/uploads\/2024\/10\/20241024_125505.jpg 1920w, https:\/\/cidu.esteri.it\/wp-content\/uploads\/2024\/10\/20241024_125505-251x300.jpg 251w, https:\/\/cidu.esteri.it\/wp-content\/uploads\/2024\/10\/20241024_125505-858x1024.jpg 858w, https:\/\/cidu.esteri.it\/wp-content\/uploads\/2024\/10\/20241024_125505-768x917.jpg 768w\" sizes=\"auto, (max-width: 354px) 100vw, 354px\" \/><\/p>\n<p><em>Il Presidente del CIDU Giovanni Battista Iannuzzi<\/em><\/p>\n<p><a href=\"https:\/\/cidu.esteri.it\/wp-content\/uploads\/2024\/10\/CV-Presidente-CIDU-Giovanni-Iannuzzi.pdf\">CV Presidente CIDU-Iannuzzi<\/a><\/p>\n","protected":false},"excerpt":{"rendered":"Il Comitato Interministeriale per i Diritti Umani (CIDU) \u00e8 stato istituito con Decreto Ministeriale 15 febbraio 1978, n. 519 (integrato con D.M. 5 settembre 2013 n. 2000\/517) allo scopo di\u00a0 assolvere in via principale agli obblighi assunti dall\u2019Italia in esecuzione degli accordi e convenzioni adottati sul piano internazionale nella materia della protezione e promozione dei [&hellip;]","protected":false},"author":1,"featured_media":0,"parent":0,"menu_order":2,"comment_status":"closed","ping_status":"closed","template":"","meta":{"footnotes":""},"class_list":["post-13","page","type-page","status-publish","hentry"],"_links":{"self":[{"href":"https:\/\/cidu.esteri.it\/it\/wp-json\/wp\/v2\/pages\/13","targetHints":{"allow":["GET"]}}],"collection":[{"href":"https:\/\/cidu.esteri.it\/it\/wp-json\/wp\/v2\/pages"}],"about":[{"href":"https:\/\/cidu.esteri.it\/it\/wp-json\/wp\/v2\/types\/page"}],"author":[{"embeddable":true,"href":"https:\/\/cidu.esteri.it\/it\/wp-json\/wp\/v2\/users\/1"}],"replies":[{"embeddable":true,"href":"https:\/\/cidu.esteri.it\/it\/wp-json\/wp\/v2\/comments?post=13"}],"version-history":[{"count":6,"href":"https:\/\/cidu.esteri.it\/it\/wp-json\/wp\/v2\/pages\/13\/revisions"}],"predecessor-version":[{"id":986,"href":"https:\/\/cidu.esteri.it\/it\/wp-json\/wp\/v2\/pages\/13\/revisions\/986"}],"wp:attachment":[{"href":"https:\/\/cidu.esteri.it\/it\/wp-json\/wp\/v2\/media?parent=13"}],"curies":[{"name":"wp","href":"https:\/\/api.w.org\/{rel}","templated":true}]}}